{"id":79,"date":"2026-03-30T11:22:43","date_gmt":"2026-03-30T14:22:43","guid":{"rendered":"https:\/\/congresonacionaldetrigo.agro.uba.ar\/?page_id=79"},"modified":"2026-03-31T10:39:21","modified_gmt":"2026-03-31T13:39:21","slug":"resumenes","status":"publish","type":"page","link":"https:\/\/congresonacionaldetrigo.agro.uba.ar\/?page_id=79","title":{"rendered":"RESUMENES"},"content":{"rendered":"\t\t<div data-elementor-type=\"wp-page\" data-elementor-id=\"79\" class=\"elementor elementor-79\">\n\t\t\t\t<div class=\"elementor-element elementor-element-9248c74 e-flex e-con-boxed e-con e-parent\" data-id=\"9248c74\" data-element_type=\"container\">\n\t\t\t\t\t<div class=\"e-con-inner\">\n\t\t\t\t<div class=\"elementor-element elementor-element-bd3fc76 elementor-widget elementor-widget-heading\" data-id=\"bd3fc76\" data-element_type=\"widget\" data-widget_type=\"heading.default\">\n\t\t\t\t\t<h2 class=\"elementor-heading-title elementor-size-default\">FECHA L\u00cdMITE  DE PRESENTACI\u00d3N: \n31 DE  JULIO 2026<\/h2>\t\t\t\t<\/div>\n\t\t\t\t\t<\/div>\n\t\t\t\t<\/div>\n\t\t<div class=\"elementor-element elementor-element-2bdc544 e-flex e-con-boxed e-con e-parent\" data-id=\"2bdc544\" data-element_type=\"container\">\n\t\t\t\t\t<div class=\"e-con-inner\">\n\t\t\t\t<div class=\"elementor-element elementor-element-1f1ea86 elementor-widget elementor-widget-text-editor\" data-id=\"1f1ea86\" data-element_type=\"widget\" data-widget_type=\"text-editor.default\">\n\t\t\t\t\t\t\t\t\t<p>Los invitamos a presentar <strong>res\u00famenes in\u00e9ditos<\/strong> que traten sobre investigaciones cient\u00edficas y\/o tecnol\u00f3gicas, relacionados con los cereales de siembra oto\u00f1o-invernal.\u00a0<\/p><p>Se aceptar\u00e1n trabajos en castellano o ingl\u00e9s.<\/p><p>Los trabajos presentados ser\u00e1n evaluados por la Comisi\u00f3n Organizadora, que seleccionar\u00e1 aquellos destinados a presentaci\u00f3n oral y a p\u00f3ster. Entre los trabajos aceptados como p\u00f3ster, se elegir\u00e1n adem\u00e1s los que ser\u00e1n presentados en la modalidad <em>Flash &amp; Dash<\/em>\u00a0(exposiciones breves de 3 minutos).<\/p>\t\t\t\t\t\t\t\t<\/div>\n\t\t\t\t\t<\/div>\n\t\t\t\t<\/div>\n\t\t<div class=\"elementor-element elementor-element-431c2f6 e-flex e-con-boxed e-con e-parent\" data-id=\"431c2f6\" data-element_type=\"container\">\n\t\t\t\t\t<div class=\"e-con-inner\">\n\t\t\t\t<div class=\"elementor-element elementor-element-4a3480a elementor-widget elementor-widget-heading\" data-id=\"4a3480a\" data-element_type=\"widget\" data-widget_type=\"heading.default\">\n\t\t\t\t\t<h2 class=\"elementor-heading-title elementor-size-default\">REGISTRO de RES\u00daMENES<\/h2>\t\t\t\t<\/div>\n\t\t\t\t\t<\/div>\n\t\t\t\t<\/div>\n\t\t<div class=\"elementor-element elementor-element-870a7ef e-flex e-con-boxed e-con e-parent\" data-id=\"870a7ef\" data-element_type=\"container\">\n\t\t\t\t\t<div class=\"e-con-inner\">\n\t\t\t\t<div class=\"elementor-element elementor-element-a3131f4 elementor-widget elementor-widget-text-editor\" data-id=\"a3131f4\" data-element_type=\"widget\" data-widget_type=\"text-editor.default\">\n\t\t\t\t\t\t\t\t\t<ul><li>Para registrar el\/los res\u00famenes completar el siguiente <a href=\"https:\/\/forms.gle\/MhJxmc6mhDxpJ2jX7\" target=\"_blank\" rel=\"noopener\">FORMULARIO<\/a><\/li><li>Pautas para presentaci\u00f3n de res\u00famenes: <a href=\"https:\/\/congresonacionaldetrigo.agro.uba.ar\/wp-content\/uploads\/2026\/03\/CNT-2026-Presentacion-resumenes.pdf\" target=\"_blank\" rel=\"noopener\">DESCARGAR<\/a><\/li><li>Plantilla para resumen: <a href=\"https:\/\/congresonacionaldetrigo.agro.uba.ar\/wp-content\/uploads\/2026\/03\/Plantilla-resumen.docx\" target=\"_blank\" rel=\"noopener\">DESCARGAR<\/a><\/li><li>Plantilla para poster: <a href=\"https:\/\/congresonacionaldetrigo.agro.uba.ar\/wp-content\/uploads\/2026\/03\/CNT2026_TEMPLATE_Poster.pptx\" target=\"_blank\" rel=\"noopener\">DESCARGAR<\/a><\/li><\/ul><p>La presentaci\u00f3n de res\u00famenes requerir\u00e1 de la inscripci\u00f3n al Congreso. Por cada inscripci\u00f3n paga se podr\u00e1n presentar hasta 2 res\u00famenes (ir a secci\u00f3n de INSCRIPCIONES)<\/p>\t\t\t\t\t\t\t\t<\/div>\n\t\t\t\t\t<\/div>\n\t\t\t\t<\/div>\n\t\t<div class=\"elementor-element elementor-element-57ca4bf e-flex e-con-boxed e-con e-parent\" data-id=\"57ca4bf\" data-element_type=\"container\">\n\t\t\t\t\t<div class=\"e-con-inner\">\n\t\t\t\t<div class=\"elementor-element elementor-element-8619aca elementor-widget elementor-widget-heading\" data-id=\"8619aca\" data-element_type=\"widget\" data-widget_type=\"heading.default\">\n\t\t\t\t\t<h2 class=\"elementor-heading-title elementor-size-default\">EJES TEM\u00c1TICOS para  PRESENTACION DE RES\u00daMENTES<\/h2>\t\t\t\t<\/div>\n\t\t\t\t\t<\/div>\n\t\t\t\t<\/div>\n\t\t<div class=\"elementor-element elementor-element-112e45a e-flex e-con-boxed e-con e-parent\" data-id=\"112e45a\" data-element_type=\"container\">\n\t\t\t\t\t<div class=\"e-con-inner\">\n\t\t\t\t<div class=\"elementor-element elementor-element-3e66a95 elementor-widget elementor-widget-image\" data-id=\"3e66a95\" data-element_type=\"widget\" data-widget_type=\"image.default\">\n\t\t\t\t\t\t\t\t\t\t\t\t\t\t\t<img fetchpriority=\"high\" decoding=\"async\" width=\"1024\" height=\"576\" src=\"https:\/\/congresonacionaldetrigo.agro.uba.ar\/wp-content\/uploads\/2026\/02\/Ejes-Trigo-WEB-260225-1024x576.png\" class=\"attachment-large size-large wp-image-103\" alt=\"\" srcset=\"https:\/\/congresonacionaldetrigo.agro.uba.ar\/wp-content\/uploads\/2026\/02\/Ejes-Trigo-WEB-260225-1024x576.png 1024w, https:\/\/congresonacionaldetrigo.agro.uba.ar\/wp-content\/uploads\/2026\/02\/Ejes-Trigo-WEB-260225-300x169.png 300w, https:\/\/congresonacionaldetrigo.agro.uba.ar\/wp-content\/uploads\/2026\/02\/Ejes-Trigo-WEB-260225-768x432.png 768w, https:\/\/congresonacionaldetrigo.agro.uba.ar\/wp-content\/uploads\/2026\/02\/Ejes-Trigo-WEB-260225-1536x864.png 1536w, https:\/\/congresonacionaldetrigo.agro.uba.ar\/wp-content\/uploads\/2026\/02\/Ejes-Trigo-WEB-260225.png 2000w\" sizes=\"(max-width: 1024px) 100vw, 1024px\" \/>\t\t\t\t\t\t\t\t\t\t\t\t\t\t\t<\/div>\n\t\t\t\t\t<\/div>\n\t\t\t\t<\/div>\n\t\t<div class=\"elementor-element elementor-element-0f7127e e-flex e-con-boxed e-con e-parent\" data-id=\"0f7127e\" data-element_type=\"container\">\n\t\t\t\t\t<div class=\"e-con-inner\">\n\t\t\t\t<div class=\"elementor-element elementor-element-4ff7867 elementor-widget elementor-widget-text-editor\" data-id=\"4ff7867\" data-element_type=\"widget\" data-widget_type=\"text-editor.default\">\n\t\t\t\t\t\t\t\t\t<p><span style=\"text-decoration: underline;\"><strong>Consultas<\/strong><\/span>: <a href=\"mailto:congretrigo2026@agro.uba.ar\" target=\"_blank\" rel=\"noopener\">congretrigo2026@agro.uba.ar<\/a><\/p>\t\t\t\t\t\t\t\t<\/div>\n\t\t\t\t\t<\/div>\n\t\t\t\t<\/div>\n\t\t\t\t<\/div>\n\t\t","protected":false},"excerpt":{"rendered":"<p>FECHA L\u00cdMITE DE PRESENTACI\u00d3N: 31 DE JULIO 2026 Los invitamos a presentar res\u00famenes in\u00e9ditos que traten sobre investigaciones cient\u00edficas y\/o tecnol\u00f3gicas, relacionados con los cereales de siembra oto\u00f1o-invernal.\u00a0 Se aceptar\u00e1n trabajos en castellano o ingl\u00e9s. Los trabajos presentados ser\u00e1n evaluados por la Comisi\u00f3n Organizadora, que seleccionar\u00e1 aquellos destinados a presentaci\u00f3n oral y a p\u00f3ster. Entre [&hellip;]<\/p>\n","protected":false},"author":2,"featured_media":0,"parent":0,"menu_order":4,"comment_status":"closed","ping_status":"closed","template":"","meta":{"footnotes":""},"class_list":["post-79","page","type-page","status-publish","hentry"],"_links":{"self":[{"href":"https:\/\/congresonacionaldetrigo.agro.uba.ar\/index.php?rest_route=\/wp\/v2\/pages\/79","targetHints":{"allow":["GET"]}}],"collection":[{"href":"https:\/\/congresonacionaldetrigo.agro.uba.ar\/index.php?rest_route=\/wp\/v2\/pages"}],"about":[{"href":"https:\/\/congresonacionaldetrigo.agro.uba.ar\/index.php?rest_route=\/wp\/v2\/types\/page"}],"author":[{"embeddable":true,"href":"https:\/\/congresonacionaldetrigo.agro.uba.ar\/index.php?rest_route=\/wp\/v2\/users\/2"}],"replies":[{"embeddable":true,"href":"https:\/\/congresonacionaldetrigo.agro.uba.ar\/index.php?rest_route=%2Fwp%2Fv2%2Fcomments&post=79"}],"version-history":[{"count":12,"href":"https:\/\/congresonacionaldetrigo.agro.uba.ar\/index.php?rest_route=\/wp\/v2\/pages\/79\/revisions"}],"predecessor-version":[{"id":158,"href":"https:\/\/congresonacionaldetrigo.agro.uba.ar\/index.php?rest_route=\/wp\/v2\/pages\/79\/revisions\/158"}],"wp:attachment":[{"href":"https:\/\/congresonacionaldetrigo.agro.uba.ar\/index.php?rest_route=%2Fwp%2Fv2%2Fmedia&parent=79"}],"curies":[{"name":"wp","href":"https:\/\/api.w.org\/{rel}","templated":true}]}}