{"id":73,"date":"2026-03-30T10:27:49","date_gmt":"2026-03-30T13:27:49","guid":{"rendered":"https:\/\/congresonacionaldetrigo.agro.uba.ar\/?page_id=73"},"modified":"2026-03-31T10:49:39","modified_gmt":"2026-03-31T13:49:39","slug":"inscripciones","status":"publish","type":"page","link":"https:\/\/congresonacionaldetrigo.agro.uba.ar\/?page_id=73","title":{"rendered":"INSCRIPCIONES"},"content":{"rendered":"\t\t<div data-elementor-type=\"wp-page\" data-elementor-id=\"73\" class=\"elementor elementor-73\">\n\t\t\t\t<div class=\"elementor-element elementor-element-08707e8 e-flex e-con-boxed e-con e-parent\" data-id=\"08707e8\" data-element_type=\"container\">\n\t\t\t\t\t<div class=\"e-con-inner\">\n\t\t\t\t<div class=\"elementor-element elementor-element-09469bc elementor-widget elementor-widget-text-editor\" data-id=\"09469bc\" data-element_type=\"widget\" data-widget_type=\"text-editor.default\">\n\t\t\t\t\t\t\t\t\t<p><strong>Tarifas Early Bird (hasta el 31\/07\/2026):<\/strong><br \/>\u2022 Full: USD 150<br \/>\u2022 Estudiante: USD 90*<\/p><p><strong>Tarifas a partir del 01\/08\/2026:<\/strong><br \/>\u2022 Full: USD 180<br \/>\u2022 Estudiante: USD 110*<\/p><p>*Enviar comprobante de alumno regular a: <a href=\"mailto:congretrigo2026@agro.uba.ar\" target=\"_blank\" rel=\"noopener\">congretrigo2026@agro.uba.ar<\/a><\/p>\t\t\t\t\t\t\t\t<\/div>\n\t\t\t\t\t<\/div>\n\t\t\t\t<\/div>\n\t\t<div class=\"elementor-element elementor-element-f7a448e e-flex e-con-boxed e-con e-parent\" data-id=\"f7a448e\" data-element_type=\"container\">\n\t\t\t\t\t<div class=\"e-con-inner\">\n\t\t\t\t<div class=\"elementor-element elementor-element-47ed49e elementor-widget elementor-widget-heading\" data-id=\"47ed49e\" data-element_type=\"widget\" data-widget_type=\"heading.default\">\n\t\t\t\t\t<h2 class=\"elementor-heading-title elementor-size-default\">REGISTRO<\/h2>\t\t\t\t<\/div>\n\t\t\t\t\t<\/div>\n\t\t\t\t<\/div>\n\t\t<div class=\"elementor-element elementor-element-b89e800 e-flex e-con-boxed e-con e-parent\" data-id=\"b89e800\" data-element_type=\"container\">\n\t\t\t\t\t<div class=\"e-con-inner\">\n\t\t\t\t<div class=\"elementor-element elementor-element-73f0fce elementor-widget elementor-widget-text-editor\" data-id=\"73f0fce\" data-element_type=\"widget\" data-widget_type=\"text-editor.default\">\n\t\t\t\t\t\t\t\t\t<ul><li>COMPLETAR EL SIGUIENTE <a href=\"https:\/\/forms.gle\/XUCbbgxcFJzqbVWi9\" target=\"_blank\" rel=\"noopener\"><span style=\"text-decoration: underline;\">FORMULARIO<\/span><\/a><\/li><li>DENTRO DE LAS <strong>48 HS H\u00c1BILES<\/strong> RECIBIR\u00c1 POR CORREO ELECTR\u00d3NICO EL <strong>LINK DE PAGO<\/strong> CORRESPONDIENTE A LA CATEGOR\u00cdA SELECCIONADA.<\/li><\/ul><p><span style=\"text-decoration: underline;\">La inscripci\u00f3n incluye:<\/span><\/p><ul><li>Acceso al congreso los d\u00edas 21 y 22 de octubre\u00a0<\/li><li>Acceso al field day el d\u00eda 23 de octubre<\/li><li>Coffee breaks<\/li><li>Posibilidad de presentar hasta 2 res\u00famenes por inscripci\u00f3n (registro en apartado de res\u00famenes)<\/li><\/ul>\t\t\t\t\t\t\t\t<\/div>\n\t\t\t\t\t<\/div>\n\t\t\t\t<\/div>\n\t\t\t\t<\/div>\n\t\t","protected":false},"excerpt":{"rendered":"<p>Tarifas Early Bird (hasta el 31\/07\/2026):\u2022 Full: USD 150\u2022 Estudiante: USD 90* Tarifas a partir del 01\/08\/2026:\u2022 Full: USD 180\u2022 Estudiante: USD 110* *Enviar comprobante de alumno regular a: congretrigo2026@agro.uba.ar REGISTRO COMPLETAR EL SIGUIENTE FORMULARIO DENTRO DE LAS 48 HS H\u00c1BILES RECIBIR\u00c1 POR CORREO ELECTR\u00d3NICO EL LINK DE PAGO CORRESPONDIENTE A LA CATEGOR\u00cdA SELECCIONADA. La [&hellip;]<\/p>\n","protected":false},"author":2,"featured_media":0,"parent":0,"menu_order":2,"comment_status":"closed","ping_status":"closed","template":"","meta":{"footnotes":""},"class_list":["post-73","page","type-page","status-publish","hentry"],"_links":{"self":[{"href":"https:\/\/congresonacionaldetrigo.agro.uba.ar\/index.php?rest_route=\/wp\/v2\/pages\/73","targetHints":{"allow":["GET"]}}],"collection":[{"href":"https:\/\/congresonacionaldetrigo.agro.uba.ar\/index.php?rest_route=\/wp\/v2\/pages"}],"about":[{"href":"https:\/\/congresonacionaldetrigo.agro.uba.ar\/index.php?rest_route=\/wp\/v2\/types\/page"}],"author":[{"embeddable":true,"href":"https:\/\/congresonacionaldetrigo.agro.uba.ar\/index.php?rest_route=\/wp\/v2\/users\/2"}],"replies":[{"embeddable":true,"href":"https:\/\/congresonacionaldetrigo.agro.uba.ar\/index.php?rest_route=%2Fwp%2Fv2%2Fcomments&post=73"}],"version-history":[{"count":15,"href":"https:\/\/congresonacionaldetrigo.agro.uba.ar\/index.php?rest_route=\/wp\/v2\/pages\/73\/revisions"}],"predecessor-version":[{"id":164,"href":"https:\/\/congresonacionaldetrigo.agro.uba.ar\/index.php?rest_route=\/wp\/v2\/pages\/73\/revisions\/164"}],"wp:attachment":[{"href":"https:\/\/congresonacionaldetrigo.agro.uba.ar\/index.php?rest_route=%2Fwp%2Fv2%2Fmedia&parent=73"}],"curies":[{"name":"wp","href":"https:\/\/api.w.org\/{rel}","templated":true}]}}